{"id":25207,"date":"2023-05-20T15:03:37","date_gmt":"2023-05-20T13:03:37","guid":{"rendered":"https:\/\/anjali-annecy.com\/yoga-ayurveda\/?page_id=25207"},"modified":"2026-01-06T12:13:55","modified_gmt":"2026-01-06T11:13:55","slug":"consultation-ayurvedique","status":"publish","type":"page","link":"https:\/\/anjali-annecy.com\/yoga-ayurveda\/consultation-ayurvedique\/","title":{"rendered":"Consultations Ayurv\u00e9diques"},"content":{"rendered":"\t\t<div data-elementor-type=\"wp-page\" data-elementor-id=\"25207\" class=\"elementor elementor-25207\">\n\t\t\t\t\t\t<section class=\"elementor-section elementor-top-section elementor-element elementor-element-af9f0db scheme_dark elementor-section-stretched elementor-section-boxed elementor-section-height-default elementor-section-height-default sc_fly_static\" data-id=\"af9f0db\" data-element_type=\"section\" data-settings=\"{&quot;background_background&quot;:&quot;classic&quot;,&quot;stretch_section&quot;:&quot;section-stretched&quot;}\">\n\t\t\t\t\t\t\t<div class=\"elementor-background-overlay\"><\/div>\n\t\t\t\t\t\t\t<div class=\"elementor-container elementor-column-gap-extended\">\n\t\t\t\t\t<div class=\"elementor-column elementor-col-100 elementor-top-column elementor-element elementor-element-80208a4 sc_inner_width_none sc_content_align_inherit sc_layouts_column_icons_position_left sc_fly_static\" data-id=\"80208a4\" data-element_type=\"column\">\n\t\t\t<div class=\"elementor-widget-wrap elementor-element-populated\">\n\t\t\t\t\t\t<div class=\"elementor-element elementor-element-393ade2 sc_height_huge sc_fly_static elementor-widget elementor-widget-spacer\" data-id=\"393ade2\" data-element_type=\"widget\" data-widget_type=\"spacer.default\">\n\t\t\t\t<div class=\"elementor-widget-container\">\n\t\t\t\t\t\t\t<div class=\"elementor-spacer\">\n\t\t\t<div class=\"elementor-spacer-inner\"><\/div>\n\t\t<\/div>\n\t\t\t\t\t\t<\/div>\n\t\t\t\t<\/div>\n\t\t\t\t<div class=\"elementor-element elementor-element-00f0ef7 sc_fly_static elementor-widget elementor-widget-trx_sc_layouts_title\" data-id=\"00f0ef7\" data-element_type=\"widget\" data-widget_type=\"trx_sc_layouts_title.default\">\n\t\t\t\t<div class=\"elementor-widget-container\">\n\t\t\t\t\t<div class=\"sc_layouts_title sc_align_center with_content without_image without_tint\" ><div class=\"sc_layouts_title_content\"><div class=\"sc_layouts_title_title\"><h1 class=\"sc_layouts_title_caption\">Consultations Ayurv\u00e9diques<\/h1><\/div><\/div><\/div>\t\t\t\t<\/div>\n\t\t\t\t<\/div>\n\t\t\t\t<div class=\"elementor-element elementor-element-b5a7f71 sc_fly_static elementor-widget elementor-widget-spacer\" data-id=\"b5a7f71\" data-element_type=\"widget\" data-widget_type=\"spacer.default\">\n\t\t\t\t<div class=\"elementor-widget-container\">\n\t\t\t\t\t\t\t<div class=\"elementor-spacer\">\n\t\t\t<div class=\"elementor-spacer-inner\"><\/div>\n\t\t<\/div>\n\t\t\t\t\t\t<\/div>\n\t\t\t\t<\/div>\n\t\t\t\t<div class=\"elementor-element elementor-element-9778ba4 elementor-view-default sc_fly_static elementor-widget elementor-widget-icon\" data-id=\"9778ba4\" data-element_type=\"widget\" data-widget_type=\"icon.default\">\n\t\t\t\t<div class=\"elementor-widget-container\">\n\t\t\t\t\t\t\t<div class=\"elementor-icon-wrapper\">\n\t\t\t<div class=\"elementor-icon\">\n\t\t\t<svg aria-hidden=\"true\" class=\"e-font-icon-svg e-fas-arrow-circle-down\" viewBox=\"0 0 512 512\" xmlns=\"http:\/\/www.w3.org\/2000\/svg\"><path d=\"M504 256c0 137-111 248-248 248S8 393 8 256 119 8 256 8s248 111 248 248zm-143.6-28.9L288 302.6V120c0-13.3-10.7-24-24-24h-16c-13.3 0-24 10.7-24 24v182.6l-72.4-75.5c-9.3-9.7-24.8-9.9-34.3-.4l-10.9 11c-9.4 9.4-9.4 24.6 0 33.9L239 404.3c9.4 9.4 24.6 9.4 33.9 0l132.7-132.7c9.4-9.4 9.4-24.6 0-33.9l-10.9-11c-9.5-9.5-25-9.3-34.3.4z\"><\/path><\/svg>\t\t\t<\/div>\n\t\t<\/div>\n\t\t\t\t\t\t<\/div>\n\t\t\t\t<\/div>\n\t\t\t\t\t<\/div>\n\t\t<\/div>\n\t\t\t\t\t<\/div>\n\t\t<\/section>\n\t\t\t\t<section class=\"elementor-section-with-custom-width elementor-section elementor-top-section elementor-element elementor-element-5d3c428 elementor-section-boxed elementor-section-height-default elementor-section-height-default sc_fly_static\" data-id=\"5d3c428\" data-element_type=\"section\">\n\t\t\t\t\t\t<div class=\"elementor-container elementor-column-gap-extended\">\n\t\t\t\t\t<div class=\"elementor-column elementor-col-100 elementor-top-column elementor-element elementor-element-43270cc sc_inner_width_none sc_content_align_inherit sc_layouts_column_icons_position_left sc_fly_static\" data-id=\"43270cc\" data-element_type=\"column\">\n\t\t\t<div class=\"elementor-widget-wrap elementor-element-populated\">\n\t\t\t\t\t\t<div class=\"elementor-element elementor-element-80479a8 elementor-widget-divider--view-line sc_fly_static elementor-widget elementor-widget-divider\" data-id=\"80479a8\" data-element_type=\"widget\" data-widget_type=\"divider.default\">\n\t\t\t\t<div class=\"elementor-widget-container\">\n\t\t\t\t\t\t\t<div class=\"elementor-divider\">\n\t\t\t<span class=\"elementor-divider-separator\">\n\t\t\t\t\t\t<\/span>\n\t\t<\/div>\n\t\t\t\t\t\t<\/div>\n\t\t\t\t<\/div>\n\t\t\t\t<div class=\"elementor-element elementor-element-1512f74 sc_fly_static elementor-widget elementor-widget-heading\" data-id=\"1512f74\" data-element_type=\"widget\" data-widget_type=\"heading.default\">\n\t\t\t\t<div class=\"elementor-widget-container\">\n\t\t\t\t\t<h3 class=\"elementor-heading-title elementor-size-default\">Nutrition - Hygi\u00e8ne de vie - Phytoth\u00e9rapie<\/h3>\t\t\t\t<\/div>\n\t\t\t\t<\/div>\n\t\t\t\t<div class=\"elementor-element elementor-element-3f86a8a elementor-widget-divider--view-line sc_fly_static elementor-widget elementor-widget-divider\" data-id=\"3f86a8a\" data-element_type=\"widget\" data-widget_type=\"divider.default\">\n\t\t\t\t<div class=\"elementor-widget-container\">\n\t\t\t\t\t\t\t<div class=\"elementor-divider\">\n\t\t\t<span class=\"elementor-divider-separator\">\n\t\t\t\t\t\t<\/span>\n\t\t<\/div>\n\t\t\t\t\t\t<\/div>\n\t\t\t\t<\/div>\n\t\t\t\t\t<\/div>\n\t\t<\/div>\n\t\t\t\t\t<\/div>\n\t\t<\/section>\n\t\t\t\t<section class=\"elementor-section-with-custom-width elementor-section elementor-top-section elementor-element elementor-element-6b1ed04 animated-slow elementor-section-boxed elementor-section-height-default elementor-section-height-default sc_fly_static elementor-invisible\" data-id=\"6b1ed04\" data-element_type=\"section\" id=\"Consultation\" data-settings=\"{&quot;animation&quot;:&quot;jacqueline-fadeindown&quot;,&quot;animation_delay&quot;:100,&quot;background_background&quot;:&quot;classic&quot;}\">\n\t\t\t\t\t\t<div class=\"elementor-container elementor-column-gap-wide\">\n\t\t\t\t\t<div class=\"elementor-column elementor-col-66 elementor-top-column elementor-element elementor-element-44896df sc_inner_width_none sc_content_align_inherit sc_layouts_column_icons_position_left sc_fly_static\" data-id=\"44896df\" data-element_type=\"column\">\n\t\t\t<div class=\"elementor-widget-wrap elementor-element-populated\">\n\t\t\t\t\t\t<div class=\"elementor-element elementor-element-a07f697 sc_fly_static elementor-widget elementor-widget-heading\" data-id=\"a07f697\" data-element_type=\"widget\" data-widget_type=\"heading.default\">\n\t\t\t\t<div class=\"elementor-widget-container\">\n\t\t\t\t\t<h3 class=\"elementor-heading-title elementor-size-large\"> Bilan &amp; Accompagnement Ayurv\u00e9dique<\/h3>\t\t\t\t<\/div>\n\t\t\t\t<\/div>\n\t\t\t\t<div class=\"elementor-element elementor-element-8eef823 sc_fly_static elementor-widget elementor-widget-text-editor\" data-id=\"8eef823\" data-element_type=\"widget\" data-widget_type=\"text-editor.default\">\n\t\t\t\t<div class=\"elementor-widget-container\">\n\t\t\t\t\t\t\t\t\t<p><strong>L&#8217;accompagnement ayurv\u00e9dique<\/strong> est une approche holistique qui repose sur les principes de l&#8217;<strong>Ayurveda, la m\u00e9decine traditionnelle indienne<\/strong>. Son objectif est de<strong> r\u00e9tablir l&#8217;harmonie entre le corps,<\/strong> l&#8217;esprit et l&#8217;\u00e2me en utilisant des m\u00e9thodes naturelles. Ces pratiques incluent une <strong>alimentation \u00e9quilibr\u00e9e,<\/strong> l&#8217;utilisation de <strong>plantes m\u00e9dicinales<\/strong>, des <strong>massages th\u00e9rapeutiques<\/strong> ainsi que des recommandations adapt\u00e9es \u00e0 votre <strong>mode de vie<\/strong>. Cet accompagnement repose sur la compr\u00e9hension des doshas (Vata, Pitta, Kapha), qui repr\u00e9sentent les forces vitales propres \u00e0 chaque individu, afin de r\u00e9\u00e9quilibrer les \u00e9nergies internes et d&#8217;am\u00e9liorer la sant\u00e9 globale.<\/p><p>A la suite de ce bilan, des conseils cibl\u00e9s pourront \u00eatre instaur\u00e9s progressivement en fonction de l&#8217;objectif th\u00e9rapeutique, comprenant notamment :<\/p><p>&#8211; Une\u00a0<strong>alimentation adapt\u00e9e<\/strong>\u00a0\u00e0 votre m\u00e9tabolisme ou d\u00e9s\u00e9quilibre<br \/>&#8211; Des\u00a0<strong>conseils en hygi\u00e8ne de vie<\/strong><br \/>&#8211; Des rem\u00e8des naturels tel que des\u00a0<strong>plantes et des \u00e9pices<\/strong><br \/>&#8211; Des\u00a0<strong><a href=\"https:\/\/anjali-annecy.com\/yoga-ayurveda\/massage-ayurvedique\/\">soins corporels et des massages<\/a>\u00a0sous forme d&#8217;un programme personnalis\u00e9 ou de soins ponctuels<\/strong><br \/>&#8211; Des\u00a0<strong><a href=\"https:\/\/anjali-annecy.com\/yoga-ayurveda\/soins-energetiques\/\">soins \u00e9nerg\u00e9tiques<\/a><\/strong><br \/>&#8211; Des exercices physiques, des asanas du\u00a0<a href=\"https:\/\/anjali-annecy.com\/yoga-ayurveda\/yoga-annecy\/\"><strong>Yoga<\/strong><\/a><br \/>&#8211; Des\u00a0<strong>exercices de respiration, de relaxation, m\u00e9ditation, mantra&#8230;<\/strong><\/p><p>Ce processus vise \u00e0 am\u00e9liorer votre qualit\u00e9 de vie en agissant en profondeur sur les causes sous-jacentes des d\u00e9s\u00e9quilibres.<\/p>\t\t\t\t\t\t\t\t<\/div>\n\t\t\t\t<\/div>\n\t\t\t\t\t<\/div>\n\t\t<\/div>\n\t\t\t\t<div class=\"elementor-column elementor-col-33 elementor-top-column elementor-element elementor-element-e391458 sc_inner_width_none sc_content_align_inherit sc_layouts_column_icons_position_left sc_fly_static\" data-id=\"e391458\" data-element_type=\"column\">\n\t\t\t<div class=\"elementor-widget-wrap elementor-element-populated\">\n\t\t\t\t\t\t<div class=\"elementor-element elementor-element-789ce28 sc_fly_static elementor-widget elementor-widget-image\" data-id=\"789ce28\" data-element_type=\"widget\" data-widget_type=\"image.default\">\n\t\t\t\t<div class=\"elementor-widget-container\">\n\t\t\t\t\t\t\t\t\t\t\t\t\t\t\t<img fetchpriority=\"high\" decoding=\"async\" width=\"827\" height=\"571\" src=\"https:\/\/i0.wp.com\/anjali-annecy.com\/wp-content\/uploads\/2023\/12\/Prise-de-pouls.webp?fit=827%2C571&amp;ssl=1\" class=\"attachment-2048x2048 size-2048x2048 wp-image-27107\" alt=\"Consultation et bilan ayurv\u00e9dique Annecy\" srcset=\"https:\/\/i0.wp.com\/anjali-annecy.com\/wp-content\/uploads\/2023\/12\/Prise-de-pouls.webp?w=827&amp;ssl=1 827w, https:\/\/i0.wp.com\/anjali-annecy.com\/wp-content\/uploads\/2023\/12\/Prise-de-pouls.webp?resize=300%2C207&amp;ssl=1 300w, https:\/\/i0.wp.com\/anjali-annecy.com\/wp-content\/uploads\/2023\/12\/Prise-de-pouls.webp?resize=768%2C530&amp;ssl=1 768w, https:\/\/i0.wp.com\/anjali-annecy.com\/wp-content\/uploads\/2023\/12\/Prise-de-pouls.webp?resize=370%2C255&amp;ssl=1 370w, https:\/\/i0.wp.com\/anjali-annecy.com\/wp-content\/uploads\/2023\/12\/Prise-de-pouls.webp?resize=410%2C283&amp;ssl=1 410w, https:\/\/i0.wp.com\/anjali-annecy.com\/wp-content\/uploads\/2023\/12\/Prise-de-pouls.webp?resize=600%2C414&amp;ssl=1 600w\" sizes=\"(max-width: 827px) 100vw, 827px\" \/>\t\t\t\t\t\t\t\t\t\t\t\t\t\t\t<\/div>\n\t\t\t\t<\/div>\n\t\t\t\t\t<\/div>\n\t\t<\/div>\n\t\t\t\t\t<\/div>\n\t\t<\/section>\n\t\t\t\t<section class=\"elementor-section-with-custom-width elementor-section elementor-top-section elementor-element elementor-element-b224c39 animated-slow elementor-section-boxed elementor-section-height-default elementor-section-height-default sc_fly_static elementor-invisible\" data-id=\"b224c39\" data-element_type=\"section\" data-settings=\"{&quot;animation&quot;:&quot;jacqueline-fadeindown&quot;,&quot;animation_delay&quot;:100}\">\n\t\t\t\t\t\t<div class=\"elementor-container elementor-column-gap-wide\">\n\t\t\t\t\t<div class=\"elementor-column elementor-col-100 elementor-top-column elementor-element elementor-element-f62d682 sc_inner_width_none sc_content_align_inherit sc_layouts_column_icons_position_left sc_fly_static\" data-id=\"f62d682\" data-element_type=\"column\">\n\t\t\t<div class=\"elementor-widget-wrap elementor-element-populated\">\n\t\t\t\t\t\t<div class=\"elementor-element elementor-element-8bcb587 sc_fly_static elementor-widget elementor-widget-heading\" data-id=\"8bcb587\" data-element_type=\"widget\" data-widget_type=\"heading.default\">\n\t\t\t\t<div class=\"elementor-widget-container\">\n\t\t\t\t\t<h3 class=\"elementor-heading-title elementor-size-large\">1er Rendez-vous <\/h3>\t\t\t\t<\/div>\n\t\t\t\t<\/div>\n\t\t\t\t<div class=\"elementor-element elementor-element-e2c2665 sc_fly_static elementor-widget elementor-widget-text-editor\" data-id=\"e2c2665\" data-element_type=\"widget\" data-widget_type=\"text-editor.default\">\n\t\t\t\t<div class=\"elementor-widget-container\">\n\t\t\t\t\t\t\t\t\t<p>L&#8217;objectif initial d&#8217;une\u00a0<a href=\"https:\/\/www.ayurveda-france.org\/Comment-se-passe-une-consultation.html\" target=\"_blank\" rel=\"noopener\"><strong>consultation ayurv\u00e9dique<\/strong><\/a>\u00a0est d&#8217;\u00e9tablir un bilan sant\u00e9 exhaustif visant \u00e0 d\u00e9terminer votre\u00a0<a href=\"https:\/\/www.ayurveda-france.org\/Prakriti-ou-Vikriti.html\" target=\"_blank\" rel=\"noopener\"><strong>constitution de naissance (Prakriti) et l&#8217;\u00e9tat de d\u00e9s\u00e9quilibre actuel (Vikriti).<\/strong><\/a><\/p><p>Ce premier bilan rev\u00eat une importance particuli\u00e8re car il permet de comprendre votre\u00a0<strong>fonctionnement unique<\/strong>, d&#8217;<strong>identifier les causes de troubles persistants ou de maladies<\/strong>, et d&#8217;<strong>ajuster les m\u00e9thodes de traitement en cons\u00e9quence<\/strong>.<\/p><p>Ce bilan se fait \u00e0 travers un entretien d\u00e9taill\u00e9 sur vos habitudes alimentaires, votre mode de vie, vos sympt\u00f4mes physiques et \u00e9motionnels, ainsi que votre historique m\u00e9dical. Il peut inclure une analyse de la langue, du pouls et des yeux pour affiner le diagnostic. \u00c0 partir de ces \u00e9l\u00e9ments, des recommandations personnalis\u00e9es seront faites en termes de nutrition, d&#8217;hygi\u00e8ne de vie et de rem\u00e8des ayurv\u00e9diques.<\/p>\t\t\t\t\t\t\t\t<\/div>\n\t\t\t\t<\/div>\n\t\t\t\t\t<\/div>\n\t\t<\/div>\n\t\t\t\t\t<\/div>\n\t\t<\/section>\n\t\t\t\t<section class=\"elementor-section-with-custom-width elementor-section elementor-top-section elementor-element elementor-element-ecc8b0d animated-slow elementor-section-boxed elementor-section-height-default elementor-section-height-default sc_fly_static elementor-invisible\" data-id=\"ecc8b0d\" data-element_type=\"section\" data-settings=\"{&quot;animation&quot;:&quot;jacqueline-fadeindown&quot;,&quot;animation_delay&quot;:100}\">\n\t\t\t\t\t\t<div class=\"elementor-container elementor-column-gap-wide\">\n\t\t\t\t\t<div class=\"elementor-column elementor-col-100 elementor-top-column elementor-element elementor-element-87af144 sc_inner_width_none sc_content_align_inherit sc_layouts_column_icons_position_left sc_fly_static\" data-id=\"87af144\" data-element_type=\"column\">\n\t\t\t<div class=\"elementor-widget-wrap elementor-element-populated\">\n\t\t\t\t\t\t<div class=\"elementor-element elementor-element-308bae1 sc_fly_static elementor-widget elementor-widget-heading\" data-id=\"308bae1\" data-element_type=\"widget\" data-widget_type=\"heading.default\">\n\t\t\t\t<div class=\"elementor-widget-container\">\n\t\t\t\t\t<h3 class=\"elementor-heading-title elementor-size-large\">Rendez-vous de suivi<\/h3>\t\t\t\t<\/div>\n\t\t\t\t<\/div>\n\t\t\t\t<div class=\"elementor-element elementor-element-9eff965 sc_fly_static elementor-widget elementor-widget-text-editor\" data-id=\"9eff965\" data-element_type=\"widget\" data-widget_type=\"text-editor.default\">\n\t\t\t\t<div class=\"elementor-widget-container\">\n\t\t\t\t\t\t\t\t\t<p><span style=\"font-size: 14px; background-color: var(--theme-color-bg_color); color: var(--theme-color-text); letter-spacing: 0px;\">Le rendez-vous de suivi se d\u00e9roule g\u00e9n\u00e9ralement apr\u00e8s quelques semaines. Il permet de <strong>faire un point sur les am\u00e9liorations ou les difficult\u00e9s rencontr\u00e9es<\/strong> suite \u00e0 la mise en place des recommandations du bilan. <strong>Nous ajustons les conseils en fonction de l\u2019\u00e9volution<\/strong> de votre \u00e9tat de sant\u00e9 . Cela peut inclure des modifications du r\u00e9gime alimentaire, des ajustements dans les herbes utilis\u00e9es, ou encore l&#8217;introduction de nouvelles pratiques comme des massages ou des exercices de respiration pour optimiser le r\u00e9\u00e9quilibrage des doshas.<\/span><\/p><p>Le suivi des s\u00e9ances sera adapt\u00e9 aux besoins individuels, avec une fr\u00e9quence moyenne d&#8217;une s\u00e9ance par mois pour le traitement des troubles chroniques. Les changements de saisons constituent \u00e9galement des moments importants pour les suivis ult\u00e9rieurs.<\/p><p>Pour assurer des r\u00e9sultats durables, il est recommand\u00e9 d&#8217;opter pour un suivi comprenant au moins 3 s\u00e9ances.<\/p>\t\t\t\t\t\t\t\t<\/div>\n\t\t\t\t<\/div>\n\t\t\t\t\t<\/div>\n\t\t<\/div>\n\t\t\t\t\t<\/div>\n\t\t<\/section>\n\t\t\t\t<section class=\"elementor-section-with-custom-width elementor-section elementor-top-section elementor-element elementor-element-33caaf0 elementor-section-boxed elementor-section-height-default elementor-section-height-default sc_fly_static\" data-id=\"33caaf0\" data-element_type=\"section\" data-settings=\"{&quot;background_background&quot;:&quot;classic&quot;}\">\n\t\t\t\t\t\t<div class=\"elementor-container elementor-column-gap-extended\">\n\t\t\t\t\t<div class=\"elementor-column elementor-col-100 elementor-top-column elementor-element elementor-element-4366e7c sc_inner_width_none sc_content_align_inherit sc_layouts_column_icons_position_left sc_fly_static\" data-id=\"4366e7c\" data-element_type=\"column\">\n\t\t\t<div class=\"elementor-widget-wrap elementor-element-populated\">\n\t\t\t\t\t\t<div class=\"elementor-element elementor-element-078ad4f sc_fly_static elementor-widget elementor-widget-heading\" data-id=\"078ad4f\" data-element_type=\"widget\" data-widget_type=\"heading.default\">\n\t\t\t\t<div class=\"elementor-widget-container\">\n\t\t\t\t\t<h4 class=\"elementor-heading-title elementor-size-large\">Les tarifs - Accompagnement Ayurv\u00e9diques<\/h4>\t\t\t\t<\/div>\n\t\t\t\t<\/div>\n\t\t\t\t<div class=\"elementor-element elementor-element-ef63916 sc_fly_static elementor-widget elementor-widget-text-editor\" data-id=\"ef63916\" data-element_type=\"widget\" data-widget_type=\"text-editor.default\">\n\t\t\t\t<div class=\"elementor-widget-container\">\n\t\t\t\t\t\t\t\t\t<p><span style=\"text-decoration: underline;\"><strong>Comment choisir votre rendez-vous ?<\/strong><\/span><\/p><ul><li data-start=\"94\" data-end=\"223\"><p data-start=\"96\" data-end=\"223\"><strong data-start=\"96\" data-end=\"141\">Premi\u00e8re consultation \/ Bilan ayurv\u00e9dique<\/strong> : pour d\u00e9buter un accompagnement en nutrition, hygi\u00e8ne de vie et phytoth\u00e9rapie.<\/p><\/li><li data-start=\"224\" data-end=\"319\"><p data-start=\"226\" data-end=\"319\"><strong data-start=\"226\" data-end=\"244\">Suivi \u2013 45 min<\/strong> : si vous avez d\u00e9j\u00e0 fait un bilan avec moi, pour ajuster et approfondir votre avancement.<\/p><\/li><li><strong data-start=\"322\" data-end=\"341\">Bilan complet + Massage 1h<\/strong> : Si vous souhaitez un premier bilan complet avec accompagnement en nutrition et hygi\u00e8ne de vie, suivi d\u2019un massage ayurv\u00e9dique adapt\u00e9 \u00e0 votre situation.\u00a0<\/li><li data-start=\"457\" data-end=\"567\"><p data-start=\"459\" data-end=\"567\"><strong data-start=\"459\" data-end=\"488\">Suivi 45 min + Massage 1h<\/strong> : Si vous avez d\u00e9j\u00e0 fait un bilan et souhaitez un suivi en nutrition et hygi\u00e8ne de vie,\u00a0 compl\u00e9t\u00e9 d\u2019un massage ayurv\u00e9dique adapt\u00e9.<\/p><\/li><\/ul>\t\t\t\t\t\t\t\t<\/div>\n\t\t\t\t<\/div>\n\t\t\t\t<div class=\"elementor-element elementor-element-6dc0ffc sc_fly_static elementor-widget elementor-widget-catalogbooking\" data-id=\"6dc0ffc\" data-element_type=\"widget\" data-widget_type=\"catalogbooking.default\">\n\t\t\t\t<div class=\"elementor-widget-container\">\n\t\t\t\t\t\n<script>\n  if (typeof hasAmeliaEntitiesApiCall === 'undefined' && ('' === '' && '' !== '1')) {\n    var hasAmeliaEntitiesApiCall = true;\n  }\n  var ameliaShortcodeData = (typeof ameliaShortcodeData === 'undefined') ? [] : ameliaShortcodeData;\n  ameliaShortcodeData.push(\n    {\n      'hasApiCall': (typeof hasAmeliaEntitiesApiCall !== 'undefined') && hasAmeliaEntitiesApiCall,\n      'trigger': '',\n      'trigger_type': '',\n      'triggered_form': 'cbf',\n      'in_dialog': '',\n      'show': 'services',\n      'counter': '1000',\n      'package': '',\n      'category': '',\n      'service': '16,17,19,52',\n      'employee': '',\n      'location': '',\n      'categories_hidden': ''\n    }\n  );\n  var ameliaShortcodeDataTriggered = (typeof ameliaShortcodeDataTriggered === 'undefined') ? [] : ameliaShortcodeDataTriggered;\n  if (ameliaShortcodeData[ameliaShortcodeData.length - 1].trigger !== '') {\n    if (ameliaShortcodeDataTriggered.filter(a => a.counter === ameliaShortcodeData[ameliaShortcodeData.length - 1].counter).length === 0) {\n      ameliaShortcodeDataTriggered.push(ameliaShortcodeData.pop());\n    } else {\n      ameliaShortcodeData.pop()\n    }\n  }\n  if (typeof hasAmeliaEntitiesApiCall !== 'undefined' && hasAmeliaEntitiesApiCall) {\n    hasAmeliaEntitiesApiCall = false;\n  }\n<\/script>\n\n<div\n  id=\"amelia-v2-booking-1000\"\n  class=\"amelia-v2-booking\"\n>\n    <catalog-form-wrapper><\/catalog-form-wrapper><\/div>\n\t\t\t\t<\/div>\n\t\t\t\t<\/div>\n\t\t\t\t\t<\/div>\n\t\t<\/div>\n\t\t\t\t\t<\/div>\n\t\t<\/section>\n\t\t\t\t<section class=\"elementor-section elementor-top-section elementor-element elementor-element-4212cd2 elementor-section-boxed elementor-section-height-default elementor-section-height-default sc_fly_static\" data-id=\"4212cd2\" data-element_type=\"section\">\n\t\t\t\t\t\t<div class=\"elementor-container elementor-column-gap-extended\">\n\t\t\t\t\t<div class=\"elementor-column elementor-col-100 elementor-top-column elementor-element elementor-element-822c499 sc_inner_width_none sc_content_align_inherit sc_layouts_column_icons_position_left sc_fly_static\" data-id=\"822c499\" data-element_type=\"column\">\n\t\t\t<div class=\"elementor-widget-wrap elementor-element-populated\">\n\t\t\t\t\t\t<div class=\"elementor-element elementor-element-0fb0dc2 sc_fly_static elementor-widget elementor-widget-spacer\" data-id=\"0fb0dc2\" data-element_type=\"widget\" data-widget_type=\"spacer.default\">\n\t\t\t\t<div class=\"elementor-widget-container\">\n\t\t\t\t\t\t\t<div class=\"elementor-spacer\">\n\t\t\t<div class=\"elementor-spacer-inner\"><\/div>\n\t\t<\/div>\n\t\t\t\t\t\t<\/div>\n\t\t\t\t<\/div>\n\t\t\t\t<div class=\"elementor-element elementor-element-291dc67 sc_fly_static elementor-widget elementor-widget-text-editor\" data-id=\"291dc67\" data-element_type=\"widget\" data-widget_type=\"text-editor.default\">\n\t\t\t\t<div class=\"elementor-widget-container\">\n\t\t\t\t\t\t\t\t\t<p>Le<em>s soins et conseils propos\u00e9s ne se substituent en aucun cas \u00e0 des actes m\u00e9dicaux et ne remplacent pas un avis m\u00e9dical. Ce sont des soins destin\u00e9s \u00e0 l\u2019accompagnement et \u00e0 la pr\u00e9vention. Un avis sign\u00e9 du m\u00e9decin peut \u00eatre demand\u00e9 en cas de pathologie sp\u00e9cifique.<\/em><\/p>\t\t\t\t\t\t\t\t<\/div>\n\t\t\t\t<\/div>\n\t\t\t\t\t<\/div>\n\t\t<\/div>\n\t\t\t\t\t<\/div>\n\t\t<\/section>\n\t\t\t\t<\/div>\n\t\t","protected":false},"excerpt":{"rendered":"<p>Consultations Ayurv\u00e9diques Nutrition &#8211; Hygi\u00e8ne de vie &#8211; Phytoth\u00e9rapie Bilan &amp; Accompagnement Ayurv\u00e9dique L&#8217;accompagnement ayurv\u00e9dique&hellip;<\/p>\n","protected":false},"author":1,"featured_media":0,"parent":0,"menu_order":0,"comment_status":"closed","ping_status":"closed","template":"","meta":{"_monsterinsights_skip_tracking":false,"_monsterinsights_sitenote_active":false,"_monsterinsights_sitenote_note":"","_monsterinsights_sitenote_category":0,"footnotes":""},"class_list":["post-25207","page","type-page","status-publish","hentry"],"jetpack-related-posts":[],"jetpack_sharing_enabled":true,"_links":{"self":[{"href":"https:\/\/anjali-annecy.com\/yoga-ayurveda\/wp-json\/wp\/v2\/pages\/25207","targetHints":{"allow":["GET"]}}],"collection":[{"href":"https:\/\/anjali-annecy.com\/yoga-ayurveda\/wp-json\/wp\/v2\/pages"}],"about":[{"href":"https:\/\/anjali-annecy.com\/yoga-ayurveda\/wp-json\/wp\/v2\/types\/page"}],"author":[{"embeddable":true,"href":"https:\/\/anjali-annecy.com\/yoga-ayurveda\/wp-json\/wp\/v2\/users\/1"}],"replies":[{"embeddable":true,"href":"https:\/\/anjali-annecy.com\/yoga-ayurveda\/wp-json\/wp\/v2\/comments?post=25207"}],"version-history":[{"count":405,"href":"https:\/\/anjali-annecy.com\/yoga-ayurveda\/wp-json\/wp\/v2\/pages\/25207\/revisions"}],"predecessor-version":[{"id":30493,"href":"https:\/\/anjali-annecy.com\/yoga-ayurveda\/wp-json\/wp\/v2\/pages\/25207\/revisions\/30493"}],"wp:attachment":[{"href":"https:\/\/anjali-annecy.com\/yoga-ayurveda\/wp-json\/wp\/v2\/media?parent=25207"}],"curies":[{"name":"wp","href":"https:\/\/api.w.org\/{rel}","templated":true}]}}